{"id":215,"date":"2026-01-13T10:53:24","date_gmt":"2026-01-13T09:53:24","guid":{"rendered":"https:\/\/vision.inf.uniri.hr\/?page_id=215"},"modified":"2026-01-20T15:09:28","modified_gmt":"2026-01-20T14:09:28","slug":"aicodd-project-info","status":"publish","type":"page","link":"https:\/\/vision.inf.uniri.hr\/?page_id=215","title":{"rendered":"AICODD &#8211; Project Info"},"content":{"rendered":"\n<p style=\"padding-left:var(--wp--preset--spacing--superbspacing-xsmall)\"><strong>Sponsor: <\/strong>Animal Eye Consultants of Iowa, Sinisa Grozdanic DVM, PhD, Dipl ACVO<br><strong>Acronim: <\/strong>AICODD<br><strong>Project Title: <\/strong>Image-based AI-assisted diagnostics of canine ocular disease &#8211; AICODD<br><strong>Project Title (hr): <br><\/strong>Dijagnostika o\u010dnih bolesti pasa uz pomo\u0107 umjetne inteligencije temeljena na slikama &#8211; AICODD<br><strong>Project manager:&nbsp;<\/strong>prof. dr. sc. Marina Iva\u0161i\u0107 Kos prof. mat. i inf.<br><strong>Project starts:<\/strong> 01.10.2022.<br><strong>Duration: <\/strong>48 months<\/p>\n\n\n\n<p style=\"padding-left:var(--wp--preset--spacing--superbspacing-xsmall)\"><br><\/p>\n\n\n\n<p style=\"padding-left:var(--wp--preset--spacing--superbspacing-xsmall)\"><strong>Background:<\/strong><br>Deep learning computer vision models have achieved excellent results in tasks such as object detection, image classification and segmentation, and is being applied in different domains to provide additional information and contribute to a better service.<\/p>\n\n\n\n<p style=\"padding-left:var(--wp--preset--spacing--superbspacing-xsmall)\"><strong>Work Plan:<\/strong><br>Training of deep learning models in general and for specific tasks of eye detection, abnormality detection and disease classification requires a large dataset of images that are labeled by experts-veterinarians with appropriate annotations (i.e., specific diagnosis for disease classification, marking the affected region of the image for detection of abnormal growth in the eye for disease detection etc.).<\/p>\n\n\n\n<p style=\"padding-left:var(--wp--preset--spacing--superbspacing-xsmall)\">The labeled images will be collected continuously, however initial experiments with training deep learning models for eye detection and abnormal mass detection will begin as soon as an initial batch of labeled examples is gathered. For both tasks (eye detection, disease\/mass detection) first the collected labeled images will be prepared for use as a dataset for machine learning applications. This will include verification and cleanup of data, removing of unusable images from the set, normalization, image preprocessing and definition of training and testing subsets.<\/p>\n\n\n\n<p style=\"padding-left:var(--wp--preset--spacing--superbspacing-xsmall)\">After the initial datasets are prepared, preliminary tests will be conducted by training commonly used deep learning architectures for object detection on the datasets.<\/p>\n\n\n\n<p style=\"padding-left:var(--wp--preset--spacing--superbspacing-xsmall)\">Due to a large number of possible eye diseases and a great variety of possible appearances, the task of detecting the abnormal growths\/diseases will be defined according to the number and variety of available labeled images: if a smaller amount of data is available the task will be confined to the detection of presence\/no presence of disease\/growth, and if greater amount data is available, expanded to include classification of disease in different categories (granularity of which will also depend on available data).<\/p>\n\n\n\n<p style=\"padding-left:var(--wp--preset--spacing--superbspacing-xsmall)\">Based on the performance of the models trained in the preliminary tests on the test dataset, the best performing architectures for each task will be chosen as a foundation for further development of the models. The models based on the chosen architectures will subsequently be refined and optimized in several iterations to achieve the best detection score according to the standard metrics (e.g., mean average precision, mAP).<\/p>\n\n\n\n<p style=\"padding-left:var(--wp--preset--spacing--superbspacing-xsmall)\"><strong>Goals:<\/strong><br>The aims of this proposal are:<\/p>\n\n\n\n<ul style=\"padding-left:var(--wp--preset--spacing--superbspacing-xsmall)\" class=\"wp-block-list\">\n<li>to set up a framework that will enable collection of the necessary training data for development of deep learning models for application in AI-assisted diagnostics in canine ocular diseases<\/li>\n\n\n\n<li>to develop a mobile application for recording eye diseases in dogs and transferring data to a server for veterinarians<\/li>\n\n\n\n<li>to develop prototype deep learning models based on images of the dog&#8217;s head for dog eye detection<\/li>\n\n\n\n<li>to develop prototype deep learning models based on images of the dog&#8217;s head and marked regions of the disease in the eye area for detection of selected eye disease in the detected eye region,<\/li>\n\n\n\n<li>to develop prototype deep learning models based on images of the dog&#8217;s head for classification of selected canine ocular disease<\/li>\n\n\n\n<li>to adapt the model for eye detection and classification of diseases for use on a mobile phones (creation of a light version of the model)<\/li>\n\n\n\n<li>to create a mobile application with the integration of a module for recognizing eye diseases of dogs<\/li>\n<\/ul>\n\n\n\n<p style=\"padding-left:var(--wp--preset--spacing--superbspacing-xsmall)\"><strong>Team Members:<\/strong><br>Izv. prof. dr. sc. Miran Pobar<br>Deni Kernjus<br>Rea Aladrovi\u0107<\/p>\n\n\n\n<p style=\"padding-left:var(--wp--preset--spacing--superbspacing-xsmall)\"><strong>Doctoral Students:<\/strong><br>Domagoj Palini\u0107<\/p>\n\n\n\n<p style=\"padding-left:var(--wp--preset--spacing--superbspacing-xsmall)\"><strong>External Collaborators:<\/strong><br>Sinisa Grozdanic, DVM, PhD, Dipl ACVO, Animal Eye Consultants of Iowa<br>Prof. dr. sc. Gjorgji Madjarov, Faculty of Computer Science and Engineering, Ss. Cyril and Methodius University Skopje<br>Dr. sc. Franko Hr\u017ei\u0107<br>Dr. sc. Matija Buri\u0107<\/p>\n","protected":false},"excerpt":{"rendered":"<p>Sponsor: Animal Eye Consultants of Iowa, Sinisa Grozdanic DVM, PhD, Dipl ACVOAcronim: AICODDProject Title: Image-based AI-assisted diagnostics of canine ocular disease &#8211; AICODDProject Title (hr): Dijagnostika o\u010dnih bolesti pasa uz pomo\u0107 umjetne inteligencije temeljena na slikama &#8211; AICODDProject manager:&nbsp;prof. dr. sc. Marina Iva\u0161i\u0107 Kos prof. mat. i inf.Project starts: 01.10.2022.Duration: 48 months Background:Deep learning computer [&hellip;]<\/p>\n","protected":false},"author":2,"featured_media":286,"parent":0,"menu_order":0,"comment_status":"closed","ping_status":"closed","template":"wp-custom-template-aicodd","meta":{"footnotes":""},"class_list":["post-215","page","type-page","status-publish","has-post-thumbnail","hentry"],"_links":{"self":[{"href":"https:\/\/vision.inf.uniri.hr\/index.php?rest_route=\/wp\/v2\/pages\/215","targetHints":{"allow":["GET"]}}],"collection":[{"href":"https:\/\/vision.inf.uniri.hr\/index.php?rest_route=\/wp\/v2\/pages"}],"about":[{"href":"https:\/\/vision.inf.uniri.hr\/index.php?rest_route=\/wp\/v2\/types\/page"}],"author":[{"embeddable":true,"href":"https:\/\/vision.inf.uniri.hr\/index.php?rest_route=\/wp\/v2\/users\/2"}],"replies":[{"embeddable":true,"href":"https:\/\/vision.inf.uniri.hr\/index.php?rest_route=%2Fwp%2Fv2%2Fcomments&post=215"}],"version-history":[{"count":4,"href":"https:\/\/vision.inf.uniri.hr\/index.php?rest_route=\/wp\/v2\/pages\/215\/revisions"}],"predecessor-version":[{"id":308,"href":"https:\/\/vision.inf.uniri.hr\/index.php?rest_route=\/wp\/v2\/pages\/215\/revisions\/308"}],"wp:featuredmedia":[{"embeddable":true,"href":"https:\/\/vision.inf.uniri.hr\/index.php?rest_route=\/wp\/v2\/media\/286"}],"wp:attachment":[{"href":"https:\/\/vision.inf.uniri.hr\/index.php?rest_route=%2Fwp%2Fv2%2Fmedia&parent=215"}],"curies":[{"name":"wp","href":"https:\/\/api.w.org\/{rel}","templated":true}]}}