{"id":22,"date":"2023-02-17T12:43:03","date_gmt":"2023-02-17T11:43:03","guid":{"rendered":"https:\/\/vision.inf.uniri.hr\/?page_id=22"},"modified":"2026-01-20T15:18:58","modified_gmt":"2026-01-20T14:18:58","slug":"datasets","status":"publish","type":"page","link":"https:\/\/vision.inf.uniri.hr\/?page_id=22","title":{"rendered":"Radovi"},"content":{"rendered":"\n<figure class=\"wp-block-table is-style-stripes\" style=\"margin-right:0px;margin-left:0px;font-size:clamp(14px, 0.875rem + ((1vw - 3.2px) * 0.227), 16px);\"><table class=\"has-contrast-dark-color has-text-color has-link-color has-fixed-layout\" style=\"border-style:none;border-width:0px\"><tbody><tr><td class=\"has-text-align-center\" data-align=\"center\"><strong>Title<\/strong><\/td><td class=\"has-text-align-center\" data-align=\"center\"><strong>Authors<\/strong><\/td><td class=\"has-text-align-center\" data-align=\"center\"><strong>Year<\/strong><\/td><\/tr><tr><td class=\"has-text-align-center\" data-align=\"center\"><a href=\"https:\/\/scholar.google.hr\/citations?view_op=view_citation&amp;hl=hr&amp;user=67pN1k8AAAAJ&amp;sortby=pubdate&amp;citation_for_view=67pN1k8AAAAJ:4MWp96NkSFoC\">Comparative evaluation of specialized deep learning and large multimodal models for image-based sea state recognition on the Beaufort scale<\/a><\/td><td class=\"has-text-align-center\" data-align=\"center\">M Pobar, A Vorkapic, M Ivasic-Kos<\/td><td class=\"has-text-align-center\" data-align=\"center\">2025<\/td><\/tr><tr><td class=\"has-text-align-center\" data-align=\"center\"><a href=\"https:\/\/scholar.google.hr\/citations?view_op=view_citation&amp;hl=hr&amp;user=67pN1k8AAAAJ&amp;sortby=pubdate&amp;citation_for_view=67pN1k8AAAAJ:ML0RJ9NH7IQC\">Ensemble of Vision Transformers for Sea State Classification<\/a><\/td><td class=\"has-text-align-center\" data-align=\"center\">M Ivasic-Kos, D Palinic, M Pobar<\/td><td class=\"has-text-align-center\" data-align=\"center\">2025<\/td><\/tr><tr><td class=\"has-text-align-center\" data-align=\"center\"><a href=\"https:\/\/scholar.google.hr\/citations?view_op=view_citation&amp;hl=hr&amp;user=67pN1k8AAAAJ&amp;sortby=pubdate&amp;citation_for_view=67pN1k8AAAAJ:BUYA1_V_uYcC\">GCN-Transformer: Graph Convolutional Network and Transformer for Multi-Person Pose Forecasting Using Sensor-Based Motion Data<\/a><\/td><td class=\"has-text-align-center\" data-align=\"center\">R \u0160ajina, G Ore\u0161ki, M Iva\u0161i\u0107-Kos<\/td><td class=\"has-text-align-center\" data-align=\"center\">2025<\/td><\/tr><tr><td class=\"has-text-align-center\" data-align=\"center\"><a href=\"https:\/\/scholar.google.hr\/citations?view_op=view_citation&amp;hl=hr&amp;user=67pN1k8AAAAJ&amp;sortby=pubdate&amp;citation_for_view=67pN1k8AAAAJ:zLWjf1WUPmwC\">A System for Real-Time Detection of Abandoned Luggage<\/a><\/td><td class=\"has-text-align-center\" data-align=\"center\">I Vrsalovic, J Lerga, M Ivasic-Kos<\/td><td class=\"has-text-align-center\" data-align=\"center\">2025<\/td><\/tr><tr><td class=\"has-text-align-center\" data-align=\"center\"><a href=\"https:\/\/scholar.google.hr\/citations?view_op=view_citation&amp;hl=hr&amp;user=67pN1k8AAAAJ&amp;sortby=pubdate&amp;citation_for_view=67pN1k8AAAAJ:uWiczbcajpAC\">Automated Real-Time Localized Sea State Estimation During Navigation Based on the Beaufort Scale<\/a><\/td><td class=\"has-text-align-center\" data-align=\"center\">M Pobar, G Paulin, M Ivasic-Kos, A Vorkapic<\/td><td class=\"has-text-align-center\" data-align=\"center\">2025<\/td><\/tr><tr><td class=\"has-text-align-center\" data-align=\"center\"><a href=\"https:\/\/scholar.google.hr\/citations?view_op=view_citation&amp;hl=hr&amp;user=67pN1k8AAAAJ&amp;sortby=pubdate&amp;citation_for_view=67pN1k8AAAAJ:URolC5Kub84C\">AI in Veterinary Ophthalmology: Canine Eye Diseases Diagnosis with Image<\/a><\/td><td class=\"has-text-align-center\" data-align=\"center\">M Buric, M Ivasic-Kos<\/td><td class=\"has-text-align-center\" data-align=\"center\">2025<\/td><\/tr><tr><td class=\"has-text-align-center\" data-align=\"center\"><a href=\"https:\/\/scholar.google.hr\/citations?view_op=view_citation&amp;hl=hr&amp;user=67pN1k8AAAAJ&amp;sortby=pubdate&amp;citation_for_view=67pN1k8AAAAJ:vDijr-p_gm4C\">Person Detection and Geolocation Estimation in Drone Images<\/a><\/td><td class=\"has-text-align-center\" data-align=\"center\">S Sambolek, M Ivasic-Kos<\/td><td class=\"has-text-align-center\" data-align=\"center\">2025<\/td><\/tr><tr><td class=\"has-text-align-center\" data-align=\"center\"><a href=\"https:\/\/scholar.google.hr\/citations?view_op=view_citation&amp;hl=hr&amp;user=67pN1k8AAAAJ&amp;sortby=pubdate&amp;citation_for_view=67pN1k8AAAAJ:epqYDVWIO7EC\">GCN-Transformer: Multi-task Graph Convolutional Network and Transformer for Multi-Person Pose Forecasting<\/a><\/td><td class=\"has-text-align-center\" data-align=\"center\">R \u0160ajina, G Ore\u0161ki, M Ivasic-Kos<\/td><td class=\"has-text-align-center\" data-align=\"center\">2025<\/td><\/tr><tr><td class=\"has-text-align-center\" data-align=\"center\"><a href=\"https:\/\/scholar.google.hr\/citations?view_op=view_citation&amp;hl=hr&amp;user=67pN1k8AAAAJ&amp;sortby=pubdate&amp;citation_for_view=67pN1k8AAAAJ:t7zJ5fGR-2UC\">Next-Generation Computer Vision in Veterinary Medicine: A Study on Canine Ophthalmology<\/a><\/td><td class=\"has-text-align-center\" data-align=\"center\">M Buri\u0107, M Iva\u0161i\u0107-Kos<\/td><td class=\"has-text-align-center\" data-align=\"center\">2025<\/td><\/tr><tr><td class=\"has-text-align-center\" data-align=\"center\"><a href=\"https:\/\/scholar.google.hr\/citations?view_op=view_citation&amp;hl=hr&amp;user=67pN1k8AAAAJ&amp;sortby=pubdate&amp;citation_for_view=67pN1k8AAAAJ:AvfA0Oy_GE0C\">A System for Real-Time Detection of Abandoned Luggage<\/a><\/td><td class=\"has-text-align-center\" data-align=\"center\">J Lerga, M Iva\u0161i\u0107-Kos, I Vrsalovi\u0107<\/td><td class=\"has-text-align-center\" data-align=\"center\">2025<\/td><\/tr><tr><td class=\"has-text-align-center\" data-align=\"center\"><a href=\"https:\/\/scholar.google.hr\/citations?view_op=view_citation&amp;hl=hr&amp;user=67pN1k8AAAAJ&amp;sortby=pubdate&amp;citation_for_view=67pN1k8AAAAJ:eMMeJKvmdy0C\">Diagnosis of ophthalmologic diseases in canines based on images using neural networks for image segmentation<\/a><\/td><td class=\"has-text-align-center\" data-align=\"center\">M Buric, S Grozdanic, M Ivasic-Kos<\/td><td class=\"has-text-align-center\" data-align=\"center\">2024<\/td><\/tr><tr><td class=\"has-text-align-center\" data-align=\"center\"><a href=\"https:\/\/scholar.google.hr\/citations?view_op=view_citation&amp;hl=hr&amp;user=67pN1k8AAAAJ&amp;sortby=pubdate&amp;citation_for_view=67pN1k8AAAAJ:z_wVstp3MssC\">A computer vision approach to estimate the localized sea state<\/a><\/td><td class=\"has-text-align-center\" data-align=\"center\">A Vorkapic, M Pobar, M Ivasic-Kos<\/td><td class=\"has-text-align-center\" data-align=\"center\">2024<\/td><\/tr><tr><td class=\"has-text-align-center\" data-align=\"center\"><a href=\"https:\/\/scholar.google.hr\/citations?view_op=view_citation&amp;hl=hr&amp;user=67pN1k8AAAAJ&amp;sortby=pubdate&amp;citation_for_view=67pN1k8AAAAJ:nrtMV_XWKgEC\">Dogeyeseg4: Dog eye segmentation 4-class ophthalmic disease dataset<\/a><\/td><td class=\"has-text-align-center\" data-align=\"center\">M Buri\u0107, M Iva\u0161i\u0107-Kos<\/td><td class=\"has-text-align-center\" data-align=\"center\">2024<\/td><\/tr><tr><td class=\"has-text-align-center\" data-align=\"center\"><a href=\"https:\/\/scholar.google.hr\/citations?view_op=view_citation&amp;hl=hr&amp;user=67pN1k8AAAAJ&amp;sortby=pubdate&amp;citation_for_view=67pN1k8AAAAJ:0KyAp5RtaNEC\">AI in veterinary ophthalmology: Canine eye diseases diagnosis with image segmentation and large language models<\/a><\/td><td class=\"has-text-align-center\" data-align=\"center\">M Buric, M Ivasic-Kos<\/td><td class=\"has-text-align-center\" data-align=\"center\">2024<\/td><\/tr><tr><td class=\"has-text-align-center\" data-align=\"center\"><a href=\"https:\/\/scholar.google.hr\/citations?view_op=view_citation&amp;hl=hr&amp;user=67pN1k8AAAAJ&amp;sortby=pubdate&amp;citation_for_view=67pN1k8AAAAJ:yB1At4FlUx8C\">Analysis of Multi-Person Pose Forecasting Models on Handball Actions<\/a><\/td><td class=\"has-text-align-center\" data-align=\"center\">R Sajina, M Ivasic-Kos<\/td><td class=\"has-text-align-center\" data-align=\"center\">2024<\/td><\/tr><tr><td class=\"has-text-align-center\" data-align=\"center\"><a href=\"https:\/\/scholar.google.hr\/citations?view_op=view_citation&amp;hl=hr&amp;user=67pN1k8AAAAJ&amp;sortby=pubdate&amp;citation_for_view=67pN1k8AAAAJ:9Nmd_mFXekcC\">The dog eye guardian app: from image to diagnosis with AI insights<\/a><\/td><td class=\"has-text-align-center\" data-align=\"center\">M Buric, B Kovacic, M Ivasic-Kos<\/td><td class=\"has-text-align-center\" data-align=\"center\">2024<\/td><\/tr><tr><td class=\"has-text-align-center\" data-align=\"center\"><a href=\"https:\/\/scholar.google.hr\/citations?view_op=view_citation&amp;hl=hr&amp;user=67pN1k8AAAAJ&amp;sortby=pubdate&amp;citation_for_view=67pN1k8AAAAJ:Y5dfb0dijaUC\">Application of raycast method for person geolocalization and distance determination using UAV images in Real-World land search and rescue scenarios<\/a><\/td><td class=\"has-text-align-center\" data-align=\"center\">G Paulin, S Sambolek, M Ivasic-Kos<\/td><td class=\"has-text-align-center\" data-align=\"center\">2024<\/td><\/tr><tr><td class=\"has-text-align-center\" data-align=\"center\"><a href=\"https:\/\/scholar.google.hr\/citations?view_op=view_citation&amp;hl=hr&amp;user=67pN1k8AAAAJ&amp;sortby=pubdate&amp;citation_for_view=67pN1k8AAAAJ:XD-gHx7UXLsC\">The disease of the canine eye-From image to diagnosis using AI<\/a><\/td><td class=\"has-text-align-center\" data-align=\"center\">M Buric<\/td><td class=\"has-text-align-center\" data-align=\"center\">2024<\/td><\/tr><tr><td class=\"has-text-align-center\" data-align=\"center\"><a href=\"https:\/\/scholar.google.hr\/citations?view_op=view_citation&amp;hl=hr&amp;user=67pN1k8AAAAJ&amp;sortby=pubdate&amp;citation_for_view=67pN1k8AAAAJ:VLnqNzywnoUC\">Person Detection and Geolocation Estimation in UAV Aerial Images: An Experimental Approach.<\/a><\/td><td class=\"has-text-align-center\" data-align=\"center\">S Sambolek, M Ivasic-Kos<\/td><td class=\"has-text-align-center\" data-align=\"center\">2024<\/td><\/tr><\/tbody><\/table><\/figure>\n","protected":false},"excerpt":{"rendered":"<p>Title Authors Year Comparative evaluation of specialized deep learning and large multimodal models for image-based sea state recognition on the Beaufort scale M Pobar, A Vorkapic, M Ivasic-Kos 2025 Ensemble of Vision Transformers for Sea State Classification M Ivasic-Kos, D Palinic, M Pobar 2025 GCN-Transformer: Graph Convolutional Network and Transformer for Multi-Person Pose Forecasting Using [&hellip;]<\/p>\n","protected":false},"author":2,"featured_media":173,"parent":0,"menu_order":0,"comment_status":"closed","ping_status":"closed","template":"wp-custom-template-radovi","meta":{"footnotes":""},"class_list":["post-22","page","type-page","status-publish","has-post-thumbnail","hentry"],"_links":{"self":[{"href":"https:\/\/vision.inf.uniri.hr\/index.php?rest_route=\/wp\/v2\/pages\/22","targetHints":{"allow":["GET"]}}],"collection":[{"href":"https:\/\/vision.inf.uniri.hr\/index.php?rest_route=\/wp\/v2\/pages"}],"about":[{"href":"https:\/\/vision.inf.uniri.hr\/index.php?rest_route=\/wp\/v2\/types\/page"}],"author":[{"embeddable":true,"href":"https:\/\/vision.inf.uniri.hr\/index.php?rest_route=\/wp\/v2\/users\/2"}],"replies":[{"embeddable":true,"href":"https:\/\/vision.inf.uniri.hr\/index.php?rest_route=%2Fwp%2Fv2%2Fcomments&post=22"}],"version-history":[{"count":10,"href":"https:\/\/vision.inf.uniri.hr\/index.php?rest_route=\/wp\/v2\/pages\/22\/revisions"}],"predecessor-version":[{"id":181,"href":"https:\/\/vision.inf.uniri.hr\/index.php?rest_route=\/wp\/v2\/pages\/22\/revisions\/181"}],"wp:featuredmedia":[{"embeddable":true,"href":"https:\/\/vision.inf.uniri.hr\/index.php?rest_route=\/wp\/v2\/media\/173"}],"wp:attachment":[{"href":"https:\/\/vision.inf.uniri.hr\/index.php?rest_route=%2Fwp%2Fv2%2Fmedia&parent=22"}],"curies":[{"name":"wp","href":"https:\/\/api.w.org\/{rel}","templated":true}]}}