{"id":260,"date":"2026-01-15T16:11:00","date_gmt":"2026-01-15T15:11:00","guid":{"rendered":"https:\/\/vision.inf.uniri.hr\/?page_id=260"},"modified":"2026-01-20T15:15:19","modified_gmt":"2026-01-20T14:15:19","slug":"prosli-projekti","status":"publish","type":"page","link":"https:\/\/vision.inf.uniri.hr\/?page_id=260","title":{"rendered":"Pro\u0161li Projekti"},"content":{"rendered":"\n<p><strong>HRZZ Projekti:<\/strong><\/p>\n\n\n\n<ul class=\"wp-block-list\">\n<li class=\"has-link-color wp-elements-480c8f57db01991c2c9d94877db424b8\"><a href=\"https:\/\/raass.uniri.hr\/\"><strong>RAASS<\/strong> &#8211; Automatsko raspoznavanje akcija i aktivnosti u multimedijalnom sadr\u017eaju iz domene sporta, voditelj: prof. dr. sc. Marina Iva\u0161i\u0107-Kos<\/a><\/li>\n<\/ul>\n\n\n\n<p><strong>UNIRI Projekti:<\/strong><\/p>\n\n\n\n<ul class=\"wp-block-list\">\n<li><strong>SAR-DAG: <\/strong>Automatska detekcija i geolokacija osoba snimljenih dronom u akcijama traganja i spa\u0161avanja&nbsp;(uniri-iskusni-drustv-23-278), voditelj prof. dr. sc. Marina Iva\u0161i\u0107 Kos<\/li>\n\n\n\n<li><strong>Automatsko raspoznavanje sportskih tehnika kod mladih sporta\u0161a i rekreativaca u svrhu usvajanja motori\u010dkih vje\u0161tina i usavr\u0161avanje stila<\/strong>&nbsp;(uniri-drustv-18-222), voditelj&nbsp;izv. prof. dr. sc. Marina Iva\u0161i\u0107 Kos<\/li>\n\n\n\n<li><strong>Automatizacija za izgradnju baze za raspoznavanje sportskih akcija u videu<\/strong>&nbsp;(uniri-drustv-18-288)<strong>,&nbsp;<\/strong>voditeljdoc. dr. sc. Miran Pobar<\/li>\n\n\n\n<li><strong>Automatsko raspoznavanje rukometnih akcija i analiza rukometnih tehnika kod mladih sporta\u0161a<\/strong>,&nbsp;voditelj&nbsp;izv. prof. dr. sc. Marina Iva\u0161i\u0107-Kos<\/li>\n<\/ul>\n\n\n\n<p><strong>EU COST:<\/strong><\/p>\n\n\n\n<ul class=\"wp-block-list\">\n<li><a href=\"https:\/\/www.inf.uniri.hr\/znanstveni-i-strucni-rad\/projekti\/zavrseni-projekti\/33-hr\/znanstveni-i-strucni-rad\/projekti\/medunarodni\/174-cost-iv-l-net\" target=\"_blank\" rel=\"noreferrer noopener\"><strong>ICT COST Action IC1307:<\/strong> The European Network on Integrating Vision and Language (iV&amp;L Net)<\/a><\/li>\n\n\n\n<li><a href=\"https:\/\/www.inf.uniri.hr\/znanstveni-i-strucni-rad\/projekti\/zavrseni-projekti\/33-hr\/znanstveni-i-strucni-rad\/projekti\/medunarodni\/184-cost-de-identification\" target=\"_blank\" rel=\"noreferrer noopener\"><strong>ICT COST Action IC1206:<\/strong> De-Identification for Privacy Protection in Multimedia Content<\/a><\/li>\n\n\n\n<li><a href=\"https:\/\/www.inf.uniri.hr\/znanstveni-i-strucni-rad\/projekti\/zavrseni-projekti\/33-hr\/znanstveni-i-strucni-rad\/projekti\/medunarodni\/185-cost-keystone\" target=\"_blank\" rel=\"noreferrer noopener\"><strong>ICT COST Action IC1302:<\/strong> Semantic keyword-based search on structured data sources (KEYSTONE)<\/a><\/li>\n<\/ul>\n\n\n\n<hr class=\"wp-block-separator has-alpha-channel-opacity\"\/>\n","protected":false},"excerpt":{"rendered":"<p>HRZZ Projekti: UNIRI Projekti: EU COST:<\/p>\n","protected":false},"author":2,"featured_media":0,"parent":0,"menu_order":0,"comment_status":"closed","ping_status":"closed","template":"wp-custom-template-old-projects","meta":{"footnotes":""},"class_list":["post-260","page","type-page","status-publish","hentry"],"_links":{"self":[{"href":"https:\/\/vision.inf.uniri.hr\/index.php?rest_route=\/wp\/v2\/pages\/260","targetHints":{"allow":["GET"]}}],"collection":[{"href":"https:\/\/vision.inf.uniri.hr\/index.php?rest_route=\/wp\/v2\/pages"}],"about":[{"href":"https:\/\/vision.inf.uniri.hr\/index.php?rest_route=\/wp\/v2\/types\/page"}],"author":[{"embeddable":true,"href":"https:\/\/vision.inf.uniri.hr\/index.php?rest_route=\/wp\/v2\/users\/2"}],"replies":[{"embeddable":true,"href":"https:\/\/vision.inf.uniri.hr\/index.php?rest_route=%2Fwp%2Fv2%2Fcomments&post=260"}],"version-history":[{"count":2,"href":"https:\/\/vision.inf.uniri.hr\/index.php?rest_route=\/wp\/v2\/pages\/260\/revisions"}],"predecessor-version":[{"id":267,"href":"https:\/\/vision.inf.uniri.hr\/index.php?rest_route=\/wp\/v2\/pages\/260\/revisions\/267"}],"wp:attachment":[{"href":"https:\/\/vision.inf.uniri.hr\/index.php?rest_route=%2Fwp%2Fv2%2Fmedia&parent=260"}],"curies":[{"name":"wp","href":"https:\/\/api.w.org\/{rel}","templated":true}]}}